{"id":16171,"date":"2021-08-05T12:30:16","date_gmt":"2021-08-05T10:30:16","guid":{"rendered":"https:\/\/okyo.eu\/contatti\/"},"modified":"2021-08-05T12:30:21","modified_gmt":"2021-08-05T10:30:21","slug":"contatti","status":"publish","type":"page","link":"https:\/\/okyo.eu\/it\/contatti\/","title":{"rendered":"Contatti"},"content":{"rendered":"<p>[vc_row][vc_column][vc_custom_heading text=&#8221;Contatti&#8221; font_container=&#8221;tag:h1|font_size:24px|text_align:left&#8221; use_theme_fonts=&#8221;yes&#8221;][vc_separator][\/vc_column][\/vc_row][vc_row css=&#8221;.vc_custom_1538662839871{padding-bottom: 30px !important;}&#8221;][vc_column width=&#8221;2\/3&#8243;]<div role=\"form\" class=\"wpcf7\" id=\"wpcf7-f16327-o1\" lang=\"it-IT\" dir=\"ltr\">\n<div class=\"screen-reader-response\"><p role=\"status\" aria-live=\"polite\" aria-atomic=\"true\"><\/p> <ul><\/ul><\/div>\n<form action=\"\/it\/wp-json\/wp\/v2\/pages\/16171#wpcf7-f16327-o1\" method=\"post\" class=\"wpcf7-form init\" novalidate=\"novalidate\" data-status=\"init\">\n<div style=\"display: none;\">\n<input type=\"hidden\" name=\"_wpcf7\" value=\"16327\" \/>\n<input type=\"hidden\" name=\"_wpcf7_version\" value=\"5.6.3\" \/>\n<input type=\"hidden\" name=\"_wpcf7_locale\" value=\"it_IT\" \/>\n<input type=\"hidden\" name=\"_wpcf7_unit_tag\" value=\"wpcf7-f16327-o1\" \/>\n<input type=\"hidden\" name=\"_wpcf7_container_post\" value=\"0\" \/>\n<input type=\"hidden\" name=\"_wpcf7_posted_data_hash\" value=\"\" \/>\n<input type=\"hidden\" name=\"_wpcf7_recaptcha_response\" value=\"\" \/>\n<\/div>\n<div class=\"viem-contact-form\">\n<div class=\"row\">\n<div class=\"col-md-12\">\n<p><span class=\"wpcf7-form-control-wrap\" data-name=\"your-message\"><textarea name=\"your-message\" cols=\"40\" rows=\"6\" class=\"wpcf7-form-control wpcf7-textarea wpcf7-validates-as-required\" aria-required=\"true\" aria-invalid=\"false\" placeholder=\"Messaggio *\"><\/textarea><\/span><\/p>\n<\/div>\n<\/div>\n<div class=\"row\">\n<div class=\"col-md-6\">\n<p><span class=\"wpcf7-form-control-wrap\" data-name=\"your-name\"><input type=\"text\" name=\"your-name\" value=\"\" size=\"40\" class=\"wpcf7-form-control wpcf7-text wpcf7-validates-as-required\" aria-required=\"true\" aria-invalid=\"false\" placeholder=\"Nome *\" \/><\/span><\/p>\n<\/div>\n<div class=\"col-md-6\">\n<p><span class=\"wpcf7-form-control-wrap\" data-name=\"your-email\"><input type=\"email\" name=\"your-email\" value=\"\" size=\"40\" class=\"wpcf7-form-control wpcf7-text wpcf7-email wpcf7-validates-as-required wpcf7-validates-as-email\" aria-required=\"true\" aria-invalid=\"false\" placeholder=\"Email *\" \/><\/span><\/p>\n<\/div>\n<\/div>\n<p><input type=\"submit\" value=\"INVIA\" class=\"wpcf7-form-control has-spinner wpcf7-submit\" \/><\/p><\/div>\n<p style=\"display: none !important;\"><label>&#916;<textarea name=\"_wpcf7_ak_hp_textarea\" cols=\"45\" rows=\"8\" maxlength=\"100\"><\/textarea><\/label><input type=\"hidden\" id=\"ak_js_1\" name=\"_wpcf7_ak_js\" value=\"75\"\/><script>document.getElementById( \"ak_js_1\" ).setAttribute( \"value\", ( new Date() ).getTime() );<\/script><\/p><div class=\"wpcf7-response-output\" aria-hidden=\"true\"><\/div><\/form><\/div>[\/vc_column][vc_column width=&#8221;1\/3&#8243;][vc_column_text]Se hai necessit\u00e0 di ulteriori informazioni, dubbi o domande, non esitare a contattarci. Il nostro staff risponder\u00e0 alle tue domande nel pi\u00f9 breve tempo possibile.[\/vc_column_text][\/vc_column][\/vc_row]<\/p>\n","protected":false},"excerpt":{"rendered":"<p>[vc_row][vc_column][vc_custom_heading text=&#8221;Contatti&#8221; font_container=&#8221;tag:h1|font_size:24px|text_align:left&#8221; use_theme_fonts=&#8221;yes&#8221;][vc_separator][\/vc_column][\/vc_row][vc_row css=&#8221;.vc_custom_1538662839871{padding-bottom: 30px !important;}&#8221;][vc_column width=&#8221;2\/3&#8243;][\/vc_column][vc_column width=&#8221;1\/3&#8243;][vc_column_text]Se hai necessit\u00e0 di ulteriori informazioni, dubbi o domande, non esitare a contattarci. Il nostro staff risponder\u00e0 alle tue domande nel pi\u00f9 breve tempo possibile.[\/vc_column_text][\/vc_column][\/vc_row]<\/p>\n","protected":false},"author":1,"featured_media":16350,"parent":0,"menu_order":0,"comment_status":"closed","ping_status":"closed","template":"","meta":{"spay_email":""},"yoast_head":"<!-- This site is optimized with the Yoast SEO plugin v19.0 - https:\/\/yoast.com\/wordpress\/plugins\/seo\/ -->\n<title>Contatti - Okyo<\/title>\n<meta name=\"robots\" content=\"index, follow, max-snippet:-1, max-image-preview:large, max-video-preview:-1\" \/>\n<link rel=\"canonical\" href=\"https:\/\/okyo.eu\/it\/contatti\/\" \/>\n<meta property=\"og:locale\" content=\"it_IT\" \/>\n<meta property=\"og:type\" content=\"article\" \/>\n<meta property=\"og:title\" content=\"Contatti - Okyo\" \/>\n<meta property=\"og:description\" content=\"[vc_row][vc_column][vc_custom_heading text=&#8221;Contatti&#8221; font_container=&#8221;tag:h1|font_size:24px|text_align:left&#8221; use_theme_fonts=&#8221;yes&#8221;][vc_separator][\/vc_column][\/vc_row][vc_row css=&#8221;.vc_custom_1538662839871{padding-bottom: 30px !important;}&#8221;][vc_column width=&#8221;2\/3&#8243;][\/vc_column][vc_column width=&#8221;1\/3&#8243;][vc_column_text]Se hai necessit\u00e0 di ulteriori informazioni, dubbi o domande, non esitare a contattarci. Il nostro staff risponder\u00e0 alle tue domande nel pi\u00f9 breve tempo possibile.[\/vc_column_text][\/vc_column][\/vc_row]\" \/>\n<meta property=\"og:url\" content=\"https:\/\/okyo.eu\/it\/contatti\/\" \/>\n<meta property=\"og:site_name\" content=\"Okyo\" \/>\n<meta property=\"article:modified_time\" content=\"2021-08-05T10:30:21+00:00\" \/>\n<meta property=\"og:image\" content=\"https:\/\/okyo.eu\/wp-content\/uploads\/2018\/10\/post_image_Standard.jpg\" \/>\n\t<meta property=\"og:image:width\" content=\"640\" \/>\n\t<meta property=\"og:image:height\" content=\"360\" \/>\n\t<meta property=\"og:image:type\" content=\"image\/jpeg\" \/>\n<meta name=\"twitter:card\" content=\"summary_large_image\" \/>\n<script type=\"application\/ld+json\" class=\"yoast-schema-graph\">{\"@context\":\"https:\/\/schema.org\",\"@graph\":[{\"@type\":\"WebSite\",\"@id\":\"https:\/\/okyo.eu\/it\/#website\",\"url\":\"https:\/\/okyo.eu\/it\/\",\"name\":\"Okyo\",\"description\":\"Free Ocular Surgery Videos WCR\",\"potentialAction\":[{\"@type\":\"SearchAction\",\"target\":{\"@type\":\"EntryPoint\",\"urlTemplate\":\"https:\/\/okyo.eu\/it\/?s={search_term_string}\"},\"query-input\":\"required name=search_term_string\"}],\"inLanguage\":\"it-IT\"},{\"@type\":\"ImageObject\",\"inLanguage\":\"it-IT\",\"@id\":\"https:\/\/okyo.eu\/it\/contatti\/#primaryimage\",\"url\":\"https:\/\/okyo.eu\/wp-content\/uploads\/2018\/10\/post_image_Standard.jpg\",\"contentUrl\":\"https:\/\/okyo.eu\/wp-content\/uploads\/2018\/10\/post_image_Standard.jpg\",\"width\":640,\"height\":360},{\"@type\":\"WebPage\",\"@id\":\"https:\/\/okyo.eu\/it\/contatti\/#webpage\",\"url\":\"https:\/\/okyo.eu\/it\/contatti\/\",\"name\":\"Contatti - Okyo\",\"isPartOf\":{\"@id\":\"https:\/\/okyo.eu\/it\/#website\"},\"primaryImageOfPage\":{\"@id\":\"https:\/\/okyo.eu\/it\/contatti\/#primaryimage\"},\"datePublished\":\"2021-08-05T10:30:16+00:00\",\"dateModified\":\"2021-08-05T10:30:21+00:00\",\"breadcrumb\":{\"@id\":\"https:\/\/okyo.eu\/it\/contatti\/#breadcrumb\"},\"inLanguage\":\"it-IT\",\"potentialAction\":[{\"@type\":\"ReadAction\",\"target\":[\"https:\/\/okyo.eu\/it\/contatti\/\"]}]},{\"@type\":\"BreadcrumbList\",\"@id\":\"https:\/\/okyo.eu\/it\/contatti\/#breadcrumb\",\"itemListElement\":[{\"@type\":\"ListItem\",\"position\":1,\"name\":\"Home\",\"item\":\"https:\/\/okyo.eu\/it\/\"},{\"@type\":\"ListItem\",\"position\":2,\"name\":\"Contatti\"}]}]}<\/script>\n<!-- \/ Yoast SEO plugin. -->","yoast_head_json":{"title":"Contatti - Okyo","robots":{"index":"index","follow":"follow","max-snippet":"max-snippet:-1","max-image-preview":"max-image-preview:large","max-video-preview":"max-video-preview:-1"},"canonical":"https:\/\/okyo.eu\/it\/contatti\/","og_locale":"it_IT","og_type":"article","og_title":"Contatti - Okyo","og_description":"[vc_row][vc_column][vc_custom_heading text=&#8221;Contatti&#8221; font_container=&#8221;tag:h1|font_size:24px|text_align:left&#8221; use_theme_fonts=&#8221;yes&#8221;][vc_separator][\/vc_column][\/vc_row][vc_row css=&#8221;.vc_custom_1538662839871{padding-bottom: 30px !important;}&#8221;][vc_column width=&#8221;2\/3&#8243;][\/vc_column][vc_column width=&#8221;1\/3&#8243;][vc_column_text]Se hai necessit\u00e0 di ulteriori informazioni, dubbi o domande, non esitare a contattarci. Il nostro staff risponder\u00e0 alle tue domande nel pi\u00f9 breve tempo possibile.[\/vc_column_text][\/vc_column][\/vc_row]","og_url":"https:\/\/okyo.eu\/it\/contatti\/","og_site_name":"Okyo","article_modified_time":"2021-08-05T10:30:21+00:00","og_image":[{"width":640,"height":360,"url":"https:\/\/okyo.eu\/wp-content\/uploads\/2018\/10\/post_image_Standard.jpg","type":"image\/jpeg"}],"twitter_card":"summary_large_image","schema":{"@context":"https:\/\/schema.org","@graph":[{"@type":"WebSite","@id":"https:\/\/okyo.eu\/it\/#website","url":"https:\/\/okyo.eu\/it\/","name":"Okyo","description":"Free Ocular Surgery Videos WCR","potentialAction":[{"@type":"SearchAction","target":{"@type":"EntryPoint","urlTemplate":"https:\/\/okyo.eu\/it\/?s={search_term_string}"},"query-input":"required name=search_term_string"}],"inLanguage":"it-IT"},{"@type":"ImageObject","inLanguage":"it-IT","@id":"https:\/\/okyo.eu\/it\/contatti\/#primaryimage","url":"https:\/\/okyo.eu\/wp-content\/uploads\/2018\/10\/post_image_Standard.jpg","contentUrl":"https:\/\/okyo.eu\/wp-content\/uploads\/2018\/10\/post_image_Standard.jpg","width":640,"height":360},{"@type":"WebPage","@id":"https:\/\/okyo.eu\/it\/contatti\/#webpage","url":"https:\/\/okyo.eu\/it\/contatti\/","name":"Contatti - Okyo","isPartOf":{"@id":"https:\/\/okyo.eu\/it\/#website"},"primaryImageOfPage":{"@id":"https:\/\/okyo.eu\/it\/contatti\/#primaryimage"},"datePublished":"2021-08-05T10:30:16+00:00","dateModified":"2021-08-05T10:30:21+00:00","breadcrumb":{"@id":"https:\/\/okyo.eu\/it\/contatti\/#breadcrumb"},"inLanguage":"it-IT","potentialAction":[{"@type":"ReadAction","target":["https:\/\/okyo.eu\/it\/contatti\/"]}]},{"@type":"BreadcrumbList","@id":"https:\/\/okyo.eu\/it\/contatti\/#breadcrumb","itemListElement":[{"@type":"ListItem","position":1,"name":"Home","item":"https:\/\/okyo.eu\/it\/"},{"@type":"ListItem","position":2,"name":"Contatti"}]}]}},"jetpack_shortlink":"https:\/\/wp.me\/Pal6Fk-4cP","_links":{"self":[{"href":"https:\/\/okyo.eu\/it\/wp-json\/wp\/v2\/pages\/16171"}],"collection":[{"href":"https:\/\/okyo.eu\/it\/wp-json\/wp\/v2\/pages"}],"about":[{"href":"https:\/\/okyo.eu\/it\/wp-json\/wp\/v2\/types\/page"}],"author":[{"embeddable":true,"href":"https:\/\/okyo.eu\/it\/wp-json\/wp\/v2\/users\/1"}],"replies":[{"embeddable":true,"href":"https:\/\/okyo.eu\/it\/wp-json\/wp\/v2\/comments?post=16171"}],"version-history":[{"count":5,"href":"https:\/\/okyo.eu\/it\/wp-json\/wp\/v2\/pages\/16171\/revisions"}],"predecessor-version":[{"id":16176,"href":"https:\/\/okyo.eu\/it\/wp-json\/wp\/v2\/pages\/16171\/revisions\/16176"}],"wp:featuredmedia":[{"embeddable":true,"href":"https:\/\/okyo.eu\/it\/wp-json\/wp\/v2\/media\/16350"}],"wp:attachment":[{"href":"https:\/\/okyo.eu\/it\/wp-json\/wp\/v2\/media?parent=16171"}],"curies":[{"name":"wp","href":"https:\/\/api.w.org\/{rel}","templated":true}]}}