{"id":16162,"date":"2021-08-05T12:22:51","date_gmt":"2021-08-05T10:22:51","guid":{"rendered":"https:\/\/okyo.eu\/chi-siamo\/"},"modified":"2023-10-06T12:28:25","modified_gmt":"2023-10-06T10:28:25","slug":"chi-siamo","status":"publish","type":"page","link":"https:\/\/okyo.eu\/it\/chi-siamo\/","title":{"rendered":"Chi siamo"},"content":{"rendered":"<p>[vc_row][vc_column][vc_column_text]<\/p>\n<p class=\"ContentPasted0\">Okyo.eu \u00e8 una piattaforma online che trasmette live surgery, webinar e presentazioni. Okyo ospita anche uno dei pi\u00f9 vasti archivi storici di video di chirurgia oftalmica al mondo.<\/p>\n<p class=\"ContentPasted0\">L&#8217;obiettivo \u00e8 di offrire un ampio range di video educativi per fornire la migliore risorsa di conoscenza per giovani ed esperti oftalmologi.<\/p>\n<p class=\"ContentPasted0\">Okyo \u00e8 una piattaforma senza costi per gli utenti: \u00e8 richiesta una registrazione gratuita per l&#8217;accesso ai contenuti. Puoi usare tutti i video, per scopi non commerciali.<\/p>\n<p class=\"ContentPasted0\">I contenuti saranno a disposizione gratuitamente sotto la the Creative Common License NC-ND, ti chiediamo quindi di fare attenzione e rispettare le regole (<a id=\"OWA901dcc78-86df-cc42-36d9-0ff4140e24a3\" class=\"OWAAutoLink ContentPasted0\" href=\"https:\/\/creativecommons.org\/licenses\/by-nc-nd\/4.0\/legalcode\"><u>https:\/\/creativecommons.org\/licenses\/by-nc-nd\/4.0\/legalcode<\/u><\/a>).<\/p>\n<p class=\"ContentPasted0\">Okyo \u00e8 un&#8217;idea di Lucio and Julien Buratto (Italia), con il supporto di Neovision Cliniche Oculistiche.<\/p>\n<p class=\"ContentPasted0\">Puoi inviare e contividere i tuoi contenuti al nostro comitato medico, che una volta valutati potr\u00e0 pubblicarli. Possiamo anche trasmettere eventi di chirurgia live ed interviste, e siamo aperti a nuove idee!<\/p>\n<p class=\"ContentPasted0\">La commissione \u00e8 un panel di specialisti oftalmici noti, che valuteranno tutti i contenuti per restare fedeli agli scopi di Okyo.<\/p>\n<p>[\/vc_column_text][vc_separator][vc_column_text]<\/p>\n<div class=\"elementToProof ContentPasted1\">Proprietario di Okyo.eu \u00e8 <strong class=\"ContentPasted1\">Neovision Holding SRL, <\/strong>situata a \u00a0Milano, Via Cartesio 2, Partita IVA: IT11329930017.<\/div>\n<p>[\/vc_column_text][\/vc_column][\/vc_row][vc_row][vc_column][vc_column_text]<\/p>\n<p class=\"ContentPasted2\">VCR 2023 \u00e8 il nome del congresso medico organizzato da <strong class=\"ContentPasted2\">Lucio Buratto and CAMO Spa<\/strong><br class=\"ContentPasted2\" \/>Piazza della Repubblica, 21 20124 Milan (MI)<br class=\"ContentPasted2\" \/>Tel. 0230321413 &#8211; office@camospa.it<br class=\"ContentPasted2\" \/>P. IVA: 06923160151<\/p>\n<p class=\"ContentPasted2\">Okyo \u00e8 media partner of CAMO Spa per VCR 2023.<\/p>\n<p>[\/vc_column_text][\/vc_column][\/vc_row]<\/p>\n","protected":false},"excerpt":{"rendered":"<p>[vc_row][vc_column][vc_column_text]Okyo.eu \u00e8 una piattaforma online che trasmette live surgery, webinar e presentazioni. Okyo ospita anche uno dei pi\u00f9 vasti archivi storici di video di chirurgia oftalmica al mondo. L&#8217;obiettivo \u00e8 di offrire un ampio range di video educativi per fornire la migliore risorsa di conoscenza per giovani ed esperti oftalmologi. Okyo \u00e8 una piattaforma senza &#8230;<\/p>\n","protected":false},"author":1,"featured_media":16351,"parent":0,"menu_order":0,"comment_status":"closed","ping_status":"closed","template":"","meta":{"spay_email":""},"yoast_head":"<!-- This site is optimized with the Yoast SEO plugin v19.0 - https:\/\/yoast.com\/wordpress\/plugins\/seo\/ -->\n<title>Chi siamo - Okyo<\/title>\n<meta name=\"robots\" content=\"index, follow, max-snippet:-1, max-image-preview:large, max-video-preview:-1\" \/>\n<link rel=\"canonical\" href=\"https:\/\/okyo.eu\/it\/chi-siamo\/\" \/>\n<meta property=\"og:locale\" content=\"it_IT\" \/>\n<meta property=\"og:type\" content=\"article\" \/>\n<meta property=\"og:title\" content=\"Chi siamo - Okyo\" \/>\n<meta property=\"og:description\" content=\"[vc_row][vc_column][vc_column_text]Okyo.eu \u00e8 una piattaforma online che trasmette live surgery, webinar e presentazioni. Okyo ospita anche uno dei pi\u00f9 vasti archivi storici di video di chirurgia oftalmica al mondo. L&#8217;obiettivo \u00e8 di offrire un ampio range di video educativi per fornire la migliore risorsa di conoscenza per giovani ed esperti oftalmologi. Okyo \u00e8 una piattaforma senza &#8230;\" \/>\n<meta property=\"og:url\" content=\"https:\/\/okyo.eu\/it\/chi-siamo\/\" \/>\n<meta property=\"og:site_name\" content=\"Okyo\" \/>\n<meta property=\"article:modified_time\" content=\"2023-10-06T10:28:25+00:00\" \/>\n<meta property=\"og:image\" content=\"https:\/\/okyo.eu\/wp-content\/uploads\/2018\/10\/post_image_Standard.jpg\" \/>\n\t<meta property=\"og:image:width\" content=\"640\" \/>\n\t<meta property=\"og:image:height\" content=\"360\" \/>\n\t<meta property=\"og:image:type\" content=\"image\/jpeg\" \/>\n<meta name=\"twitter:card\" content=\"summary_large_image\" \/>\n<meta name=\"twitter:label1\" content=\"Tempo di lettura stimato\" \/>\n\t<meta name=\"twitter:data1\" content=\"1 minuto\" \/>\n<script type=\"application\/ld+json\" class=\"yoast-schema-graph\">{\"@context\":\"https:\/\/schema.org\",\"@graph\":[{\"@type\":\"WebSite\",\"@id\":\"https:\/\/okyo.eu\/it\/#website\",\"url\":\"https:\/\/okyo.eu\/it\/\",\"name\":\"Okyo\",\"description\":\"Free Ocular Surgery Videos WCR\",\"potentialAction\":[{\"@type\":\"SearchAction\",\"target\":{\"@type\":\"EntryPoint\",\"urlTemplate\":\"https:\/\/okyo.eu\/it\/?s={search_term_string}\"},\"query-input\":\"required name=search_term_string\"}],\"inLanguage\":\"it-IT\"},{\"@type\":\"ImageObject\",\"inLanguage\":\"it-IT\",\"@id\":\"https:\/\/okyo.eu\/it\/chi-siamo\/#primaryimage\",\"url\":\"https:\/\/okyo.eu\/wp-content\/uploads\/2018\/10\/post_image_Standard.jpg\",\"contentUrl\":\"https:\/\/okyo.eu\/wp-content\/uploads\/2018\/10\/post_image_Standard.jpg\",\"width\":640,\"height\":360},{\"@type\":\"WebPage\",\"@id\":\"https:\/\/okyo.eu\/it\/chi-siamo\/#webpage\",\"url\":\"https:\/\/okyo.eu\/it\/chi-siamo\/\",\"name\":\"Chi siamo - Okyo\",\"isPartOf\":{\"@id\":\"https:\/\/okyo.eu\/it\/#website\"},\"primaryImageOfPage\":{\"@id\":\"https:\/\/okyo.eu\/it\/chi-siamo\/#primaryimage\"},\"datePublished\":\"2021-08-05T10:22:51+00:00\",\"dateModified\":\"2023-10-06T10:28:25+00:00\",\"breadcrumb\":{\"@id\":\"https:\/\/okyo.eu\/it\/chi-siamo\/#breadcrumb\"},\"inLanguage\":\"it-IT\",\"potentialAction\":[{\"@type\":\"ReadAction\",\"target\":[\"https:\/\/okyo.eu\/it\/chi-siamo\/\"]}]},{\"@type\":\"BreadcrumbList\",\"@id\":\"https:\/\/okyo.eu\/it\/chi-siamo\/#breadcrumb\",\"itemListElement\":[{\"@type\":\"ListItem\",\"position\":1,\"name\":\"Home\",\"item\":\"https:\/\/okyo.eu\/it\/\"},{\"@type\":\"ListItem\",\"position\":2,\"name\":\"Chi siamo\"}]}]}<\/script>\n<!-- \/ Yoast SEO plugin. -->","yoast_head_json":{"title":"Chi siamo - Okyo","robots":{"index":"index","follow":"follow","max-snippet":"max-snippet:-1","max-image-preview":"max-image-preview:large","max-video-preview":"max-video-preview:-1"},"canonical":"https:\/\/okyo.eu\/it\/chi-siamo\/","og_locale":"it_IT","og_type":"article","og_title":"Chi siamo - Okyo","og_description":"[vc_row][vc_column][vc_column_text]Okyo.eu \u00e8 una piattaforma online che trasmette live surgery, webinar e presentazioni. Okyo ospita anche uno dei pi\u00f9 vasti archivi storici di video di chirurgia oftalmica al mondo. L&#8217;obiettivo \u00e8 di offrire un ampio range di video educativi per fornire la migliore risorsa di conoscenza per giovani ed esperti oftalmologi. Okyo \u00e8 una piattaforma senza &#8230;","og_url":"https:\/\/okyo.eu\/it\/chi-siamo\/","og_site_name":"Okyo","article_modified_time":"2023-10-06T10:28:25+00:00","og_image":[{"width":640,"height":360,"url":"https:\/\/okyo.eu\/wp-content\/uploads\/2018\/10\/post_image_Standard.jpg","type":"image\/jpeg"}],"twitter_card":"summary_large_image","twitter_misc":{"Tempo di lettura stimato":"1 minuto"},"schema":{"@context":"https:\/\/schema.org","@graph":[{"@type":"WebSite","@id":"https:\/\/okyo.eu\/it\/#website","url":"https:\/\/okyo.eu\/it\/","name":"Okyo","description":"Free Ocular Surgery Videos WCR","potentialAction":[{"@type":"SearchAction","target":{"@type":"EntryPoint","urlTemplate":"https:\/\/okyo.eu\/it\/?s={search_term_string}"},"query-input":"required name=search_term_string"}],"inLanguage":"it-IT"},{"@type":"ImageObject","inLanguage":"it-IT","@id":"https:\/\/okyo.eu\/it\/chi-siamo\/#primaryimage","url":"https:\/\/okyo.eu\/wp-content\/uploads\/2018\/10\/post_image_Standard.jpg","contentUrl":"https:\/\/okyo.eu\/wp-content\/uploads\/2018\/10\/post_image_Standard.jpg","width":640,"height":360},{"@type":"WebPage","@id":"https:\/\/okyo.eu\/it\/chi-siamo\/#webpage","url":"https:\/\/okyo.eu\/it\/chi-siamo\/","name":"Chi siamo - Okyo","isPartOf":{"@id":"https:\/\/okyo.eu\/it\/#website"},"primaryImageOfPage":{"@id":"https:\/\/okyo.eu\/it\/chi-siamo\/#primaryimage"},"datePublished":"2021-08-05T10:22:51+00:00","dateModified":"2023-10-06T10:28:25+00:00","breadcrumb":{"@id":"https:\/\/okyo.eu\/it\/chi-siamo\/#breadcrumb"},"inLanguage":"it-IT","potentialAction":[{"@type":"ReadAction","target":["https:\/\/okyo.eu\/it\/chi-siamo\/"]}]},{"@type":"BreadcrumbList","@id":"https:\/\/okyo.eu\/it\/chi-siamo\/#breadcrumb","itemListElement":[{"@type":"ListItem","position":1,"name":"Home","item":"https:\/\/okyo.eu\/it\/"},{"@type":"ListItem","position":2,"name":"Chi siamo"}]}]}},"jetpack_shortlink":"https:\/\/wp.me\/Pal6Fk-4cG","_links":{"self":[{"href":"https:\/\/okyo.eu\/it\/wp-json\/wp\/v2\/pages\/16162"}],"collection":[{"href":"https:\/\/okyo.eu\/it\/wp-json\/wp\/v2\/pages"}],"about":[{"href":"https:\/\/okyo.eu\/it\/wp-json\/wp\/v2\/types\/page"}],"author":[{"embeddable":true,"href":"https:\/\/okyo.eu\/it\/wp-json\/wp\/v2\/users\/1"}],"replies":[{"embeddable":true,"href":"https:\/\/okyo.eu\/it\/wp-json\/wp\/v2\/comments?post=16162"}],"version-history":[{"count":11,"href":"https:\/\/okyo.eu\/it\/wp-json\/wp\/v2\/pages\/16162\/revisions"}],"predecessor-version":[{"id":18329,"href":"https:\/\/okyo.eu\/it\/wp-json\/wp\/v2\/pages\/16162\/revisions\/18329"}],"wp:featuredmedia":[{"embeddable":true,"href":"https:\/\/okyo.eu\/it\/wp-json\/wp\/v2\/media\/16351"}],"wp:attachment":[{"href":"https:\/\/okyo.eu\/it\/wp-json\/wp\/v2\/media?parent=16162"}],"curies":[{"name":"wp","href":"https:\/\/api.w.org\/{rel}","templated":true}]}}